{"id":497,"date":"2025-06-19T08:53:47","date_gmt":"2025-06-19T07:53:47","guid":{"rendered":"https:\/\/timok48.sg-host.com\/?page_id=497"},"modified":"2026-01-09T11:19:01","modified_gmt":"2026-01-09T10:19:01","slug":"produzione","status":"publish","type":"page","link":"https:\/\/ortolanda.com\/it\/ortolanda\/produzione\/","title":{"rendered":"Produzione"},"content":{"rendered":"<div data-elementor-type=\"wp-page\" data-elementor-id=\"497\" class=\"elementor elementor-497\" data-elementor-post-type=\"page\">\n\t\t\t\t<div class=\"elementor-element elementor-element-5f8fbf8 def-section-lr e-flex e-con-boxed e-con e-parent\" data-id=\"5f8fbf8\" data-element_type=\"container\" data-e-type=\"container\" data-settings=\"{&quot;background_background&quot;:&quot;classic&quot;}\">\n\t\t\t\t\t<div class=\"e-con-inner\">\n\t\t<div class=\"elementor-element elementor-element-c3c9cbe e-con-full e-flex e-con e-child\" data-id=\"c3c9cbe\" data-element_type=\"container\" data-e-type=\"container\">\n\t\t\t\t<div class=\"elementor-element elementor-element-261e777 elementor-widget elementor-widget-heading\" data-id=\"261e777\" data-element_type=\"widget\" data-e-type=\"widget\" data-widget_type=\"heading.default\">\n\t\t\t\t<div class=\"elementor-widget-container\">\n\t\t\t\t\t<h1 class=\"elementor-heading-title elementor-size-default\">La produzione<\/h1>\t\t\t\t<\/div>\n\t\t\t\t<\/div>\n\t\t\t\t<div class=\"elementor-element elementor-element-dbc1b47 elementor-widget elementor-widget-text-editor\" data-id=\"dbc1b47\" data-element_type=\"widget\" data-e-type=\"widget\" data-widget_type=\"text-editor.default\">\n\t\t\t\t<div class=\"elementor-widget-container\">\n\t\t\t\t\t\t\t\t\t<p>Precisione, passione e persone. Ecco come coltiviamo i ravanelli.<\/p>\t\t\t\t\t\t\t\t<\/div>\n\t\t\t\t<\/div>\n\t\t\t\t<\/div>\n\t\t\t\t\t<\/div>\n\t\t\t\t<\/div>\n\t\t<div class=\"elementor-element elementor-element-de340d1 def-section-lr e-flex e-con-boxed e-con e-parent\" data-id=\"de340d1\" data-element_type=\"container\" data-e-type=\"container\" data-settings=\"{&quot;background_background&quot;:&quot;classic&quot;}\">\n\t\t\t\t\t<div class=\"e-con-inner\">\n\t\t<div class=\"elementor-element elementor-element-0df3970 e-con-full e-flex e-con e-child\" data-id=\"0df3970\" data-element_type=\"container\" data-e-type=\"container\">\n\t\t\t\t<div class=\"elementor-element elementor-element-4b52b6b elementor-widget elementor-widget-heading\" data-id=\"4b52b6b\" data-element_type=\"widget\" data-e-type=\"widget\" data-widget_type=\"heading.default\">\n\t\t\t\t<div class=\"elementor-widget-container\">\n\t\t\t\t\t<h2 class=\"elementor-heading-title elementor-size-default\">La coltivazione<\/h2>\t\t\t\t<\/div>\n\t\t\t\t<\/div>\n\t\t\t\t<div class=\"elementor-element elementor-element-3225c2e elementor-widget elementor-widget-text-editor\" data-id=\"3225c2e\" data-element_type=\"widget\" data-e-type=\"widget\" data-widget_type=\"text-editor.default\">\n\t\t\t\t<div class=\"elementor-widget-container\">\n\t\t\t\t\t\t\t\t\t<p>Sei giorni alla settimana, 52 settimane all\u2019anno seminiamo e raccogliamo ravanelli. Tutto comincia dalla base e perci\u00f2 ogni anno investiamo in un terreno sano dove dai 200 ai 355 semi al metro quadro, a seconda della sede in Italia o in Olanda, possono crescere bene. Per coltivare tutto l\u2019anno ravanelli di qualit\u00e0 ci basiamo sulla nostra pluriennale esperienza e conoscenza, utilizzando poi la migliore qualit\u00e0 di semi di ravanello e le tecniche di coltivazione pi\u00f9 all\u2019avanguardia.<\/p>\t\t\t\t\t\t\t\t<\/div>\n\t\t\t\t<\/div>\n\t\t\t\t<\/div>\n\t\t<div class=\"elementor-element elementor-element-9015d3b e-con-full e-flex e-con e-child\" data-id=\"9015d3b\" data-element_type=\"container\" data-e-type=\"container\" data-settings=\"{&quot;background_background&quot;:&quot;classic&quot;}\">\n\t\t\t\t<div class=\"elementor-element elementor-element-181b74a elementor-widget elementor-widget-image\" data-id=\"181b74a\" data-element_type=\"widget\" data-e-type=\"widget\" data-widget_type=\"image.default\">\n\t\t\t\t<div class=\"elementor-widget-container\">\n\t\t\t\t\t\t\t\t\t\t\t\t\t\t\t<img fetchpriority=\"high\" decoding=\"async\" width=\"800\" height=\"534\" src=\"https:\/\/ortolanda.com\/wp-content\/uploads\/2025\/06\/ortolanda-teelt-19201280-02-1024x683.webp\" class=\"attachment-large size-large wp-image-362\" alt=\"\" srcset=\"https:\/\/ortolanda.com\/wp-content\/uploads\/2025\/06\/ortolanda-teelt-19201280-02-1024x683.webp 1024w, https:\/\/ortolanda.com\/wp-content\/uploads\/2025\/06\/ortolanda-teelt-19201280-02-300x200.webp 300w, https:\/\/ortolanda.com\/wp-content\/uploads\/2025\/06\/ortolanda-teelt-19201280-02-768x512.webp 768w, https:\/\/ortolanda.com\/wp-content\/uploads\/2025\/06\/ortolanda-teelt-19201280-02-1536x1024.webp 1536w, https:\/\/ortolanda.com\/wp-content\/uploads\/2025\/06\/ortolanda-teelt-19201280-02.webp 1920w\" sizes=\"(max-width: 800px) 100vw, 800px\" \/>\t\t\t\t\t\t\t\t\t\t\t\t\t\t\t<\/div>\n\t\t\t\t<\/div>\n\t\t\t\t<\/div>\n\t\t\t\t\t<\/div>\n\t\t\t\t<\/div>\n\t\t<div class=\"elementor-element elementor-element-12dc146 def-section-lr e-flex e-con-boxed e-con e-parent\" data-id=\"12dc146\" data-element_type=\"container\" data-e-type=\"container\" data-settings=\"{&quot;background_background&quot;:&quot;classic&quot;}\">\n\t\t\t\t\t<div class=\"e-con-inner\">\n\t\t<div class=\"elementor-element elementor-element-5ad117d e-con-full e-flex e-con e-child\" data-id=\"5ad117d\" data-element_type=\"container\" data-e-type=\"container\" data-settings=\"{&quot;background_background&quot;:&quot;classic&quot;}\">\n\t\t\t\t<div class=\"elementor-element elementor-element-435f2a1 elementor-widget elementor-widget-image\" data-id=\"435f2a1\" data-element_type=\"widget\" data-e-type=\"widget\" data-widget_type=\"image.default\">\n\t\t\t\t<div class=\"elementor-widget-container\">\n\t\t\t\t\t\t\t\t\t\t\t\t\t\t\t<img decoding=\"async\" width=\"800\" height=\"534\" src=\"https:\/\/ortolanda.com\/wp-content\/uploads\/2025\/08\/2017049-Ortolanda-Fotografie-Borgo-Grappa-HIGHRES-_DSC0528-20160628-1-1024x683.webp\" class=\"attachment-large size-large wp-image-2475\" alt=\"\" srcset=\"https:\/\/ortolanda.com\/wp-content\/uploads\/2025\/08\/2017049-Ortolanda-Fotografie-Borgo-Grappa-HIGHRES-_DSC0528-20160628-1-1024x683.webp 1024w, https:\/\/ortolanda.com\/wp-content\/uploads\/2025\/08\/2017049-Ortolanda-Fotografie-Borgo-Grappa-HIGHRES-_DSC0528-20160628-1-300x200.webp 300w, https:\/\/ortolanda.com\/wp-content\/uploads\/2025\/08\/2017049-Ortolanda-Fotografie-Borgo-Grappa-HIGHRES-_DSC0528-20160628-1-768x512.webp 768w, https:\/\/ortolanda.com\/wp-content\/uploads\/2025\/08\/2017049-Ortolanda-Fotografie-Borgo-Grappa-HIGHRES-_DSC0528-20160628-1-1536x1025.webp 1536w, https:\/\/ortolanda.com\/wp-content\/uploads\/2025\/08\/2017049-Ortolanda-Fotografie-Borgo-Grappa-HIGHRES-_DSC0528-20160628-1-scaled.webp 1920w, https:\/\/ortolanda.com\/wp-content\/uploads\/2025\/08\/2017049-Ortolanda-Fotografie-Borgo-Grappa-HIGHRES-_DSC0528-20160628-1-18x12.webp 18w\" sizes=\"(max-width: 800px) 100vw, 800px\" \/>\t\t\t\t\t\t\t\t\t\t\t\t\t\t\t<\/div>\n\t\t\t\t<\/div>\n\t\t\t\t<\/div>\n\t\t<div class=\"elementor-element elementor-element-9c5f3d0 e-con-full e-flex e-con e-child\" data-id=\"9c5f3d0\" data-element_type=\"container\" data-e-type=\"container\">\n\t\t\t\t<div class=\"elementor-element elementor-element-c5a8b03 elementor-widget elementor-widget-heading\" data-id=\"c5a8b03\" data-element_type=\"widget\" data-e-type=\"widget\" data-widget_type=\"heading.default\">\n\t\t\t\t<div class=\"elementor-widget-container\">\n\t\t\t\t\t<h2 class=\"elementor-heading-title elementor-size-default\">Il processo di semina\n<\/h2>\t\t\t\t<\/div>\n\t\t\t\t<\/div>\n\t\t\t\t<div class=\"elementor-element elementor-element-67724e7 elementor-widget elementor-widget-text-editor\" data-id=\"67724e7\" data-element_type=\"widget\" data-e-type=\"widget\" data-widget_type=\"text-editor.default\">\n\t\t\t\t<div class=\"elementor-widget-container\">\n\t\t\t\t\t\t\t\t\t<p>Per seminare utilizziamo una macchina in modo da far cadere i semi di ravanello alla distanza giusta gli uni dagli altri. La combinazione di temperatura e luce nella serra determinano la densit\u00e0 di semina. Con la giusta quantit\u00e0 di acqua e di concime dopo la semina, il seme germoglia e cresce in un periodo che va dalle 3 settimane (in estate) alle 8 (IT) 12 (NL) settimane (in inverno) fino a diventare un ravanello maturo.<\/p>\t\t\t\t\t\t\t\t<\/div>\n\t\t\t\t<\/div>\n\t\t\t\t<\/div>\n\t\t\t\t\t<\/div>\n\t\t\t\t<\/div>\n\t\t<div class=\"elementor-element elementor-element-7a50bba def-section-lr e-flex e-con-boxed e-con e-parent\" data-id=\"7a50bba\" data-element_type=\"container\" data-e-type=\"container\" data-settings=\"{&quot;background_background&quot;:&quot;classic&quot;}\">\n\t\t\t\t\t<div class=\"e-con-inner\">\n\t\t<div class=\"elementor-element elementor-element-d1c0ff2 e-con-full e-flex e-con e-child\" data-id=\"d1c0ff2\" data-element_type=\"container\" data-e-type=\"container\">\n\t\t\t\t<div class=\"elementor-element elementor-element-7ed8c1a elementor-widget elementor-widget-heading\" data-id=\"7ed8c1a\" data-element_type=\"widget\" data-e-type=\"widget\" data-widget_type=\"heading.default\">\n\t\t\t\t<div class=\"elementor-widget-container\">\n\t\t\t\t\t<h2 class=\"elementor-heading-title elementor-size-default\">La raccolta e la lavorazione<\/h2>\t\t\t\t<\/div>\n\t\t\t\t<\/div>\n\t\t\t\t<div class=\"elementor-element elementor-element-043c235 elementor-widget elementor-widget-text-editor\" data-id=\"043c235\" data-element_type=\"widget\" data-e-type=\"widget\" data-widget_type=\"text-editor.default\">\n\t\t\t\t<div class=\"elementor-widget-container\">\n\t\t\t\t\t\t\t\t\t<p>Una volta cresciuti i ravanelli possono essere raccolti. Per fare questo Ortolanda usa diversi metodi per estrarre dal terreno sia i ravanelli in mazzi che quelli sfusi. A seconda della coltivazione e della sede si sceglie tra raccolta manuale e raccolta macchinale, in modo da garantire sempre la migliore qualit\u00e0 del prodotto. In Italia i prodotti vengono lavati e confezionati in ambiente condizionato, cos\u00ec da garantirne a lungo la qualit\u00e0. In Olanda i prodotti vengono lavati e confezionati in capannoni freddi.<\/p>\t\t\t\t\t\t\t\t<\/div>\n\t\t\t\t<\/div>\n\t\t\t\t<\/div>\n\t\t<div class=\"elementor-element elementor-element-32f2a29 e-con-full e-flex e-con e-child\" data-id=\"32f2a29\" data-element_type=\"container\" data-e-type=\"container\" data-settings=\"{&quot;background_background&quot;:&quot;classic&quot;}\">\n\t\t\t\t<div class=\"elementor-element elementor-element-51b192c elementor-widget elementor-widget-image\" data-id=\"51b192c\" data-element_type=\"widget\" data-e-type=\"widget\" data-widget_type=\"image.default\">\n\t\t\t\t<div class=\"elementor-widget-container\">\n\t\t\t\t\t\t\t\t\t\t\t\t\t\t\t<img decoding=\"async\" width=\"800\" height=\"500\" src=\"https:\/\/ortolanda.com\/wp-content\/uploads\/2025\/06\/ortolanda-productie-1280800-01-1024x640.webp\" class=\"attachment-large size-large wp-image-639\" alt=\"\" srcset=\"https:\/\/ortolanda.com\/wp-content\/uploads\/2025\/06\/ortolanda-productie-1280800-01-1024x640.webp 1024w, https:\/\/ortolanda.com\/wp-content\/uploads\/2025\/06\/ortolanda-productie-1280800-01-300x188.webp 300w, https:\/\/ortolanda.com\/wp-content\/uploads\/2025\/06\/ortolanda-productie-1280800-01-768x480.webp 768w, https:\/\/ortolanda.com\/wp-content\/uploads\/2025\/06\/ortolanda-productie-1280800-01.webp 1280w\" sizes=\"(max-width: 800px) 100vw, 800px\" \/>\t\t\t\t\t\t\t\t\t\t\t\t\t\t\t<\/div>\n\t\t\t\t<\/div>\n\t\t\t\t<\/div>\n\t\t\t\t\t<\/div>\n\t\t\t\t<\/div>\n\t\t<div class=\"elementor-element elementor-element-779e8ed def-section-lr e-flex e-con-boxed e-con e-parent\" data-id=\"779e8ed\" data-element_type=\"container\" data-e-type=\"container\" data-settings=\"{&quot;background_background&quot;:&quot;classic&quot;}\">\n\t\t\t\t\t<div class=\"e-con-inner\">\n\t\t<div class=\"elementor-element elementor-element-2e7f9e7 e-con-full e-flex e-con e-child\" data-id=\"2e7f9e7\" data-element_type=\"container\" data-e-type=\"container\" data-settings=\"{&quot;background_background&quot;:&quot;classic&quot;}\">\n\t\t\t\t<div class=\"elementor-element elementor-element-ce3ec32 elementor-widget elementor-widget-image\" data-id=\"ce3ec32\" data-element_type=\"widget\" data-e-type=\"widget\" data-widget_type=\"image.default\">\n\t\t\t\t<div class=\"elementor-widget-container\">\n\t\t\t\t\t\t\t\t\t\t\t\t\t\t\t<img loading=\"lazy\" decoding=\"async\" width=\"800\" height=\"500\" src=\"https:\/\/ortolanda.com\/wp-content\/uploads\/2025\/06\/ortolanda-productie-1280800-03-1024x640.webp\" class=\"attachment-large size-large wp-image-640\" alt=\"\" srcset=\"https:\/\/ortolanda.com\/wp-content\/uploads\/2025\/06\/ortolanda-productie-1280800-03-1024x640.webp 1024w, https:\/\/ortolanda.com\/wp-content\/uploads\/2025\/06\/ortolanda-productie-1280800-03-300x188.webp 300w, https:\/\/ortolanda.com\/wp-content\/uploads\/2025\/06\/ortolanda-productie-1280800-03-768x480.webp 768w, https:\/\/ortolanda.com\/wp-content\/uploads\/2025\/06\/ortolanda-productie-1280800-03.webp 1280w\" sizes=\"(max-width: 800px) 100vw, 800px\" \/>\t\t\t\t\t\t\t\t\t\t\t\t\t\t\t<\/div>\n\t\t\t\t<\/div>\n\t\t\t\t<\/div>\n\t\t<div class=\"elementor-element elementor-element-eac3a01 e-con-full e-flex e-con e-child\" data-id=\"eac3a01\" data-element_type=\"container\" data-e-type=\"container\">\n\t\t\t\t<div class=\"elementor-element elementor-element-5a3d28f elementor-widget elementor-widget-heading\" data-id=\"5a3d28f\" data-element_type=\"widget\" data-e-type=\"widget\" data-widget_type=\"heading.default\">\n\t\t\t\t<div class=\"elementor-widget-container\">\n\t\t\t\t\t<h2 class=\"elementor-heading-title elementor-size-default\">Lo sviluppo della qualit\u00e0<\/h2>\t\t\t\t<\/div>\n\t\t\t\t<\/div>\n\t\t\t\t<div class=\"elementor-element elementor-element-3cd3c11 elementor-widget elementor-widget-text-editor\" data-id=\"3cd3c11\" data-element_type=\"widget\" data-e-type=\"widget\" data-widget_type=\"text-editor.default\">\n\t\t\t\t<div class=\"elementor-widget-container\">\n\t\t\t\t\t\t\t\t\t<p>Ottenere ravanelli della migliore qualit\u00e0 \u00e8 e continuer\u00e0 a essere la priorit\u00e0 di Ortolanda. Seguendo gli ultimi sviluppi nel settore orticolo e scambiandoci i risultati con diversi altri vivai, ci impegniamo al massimo per garantire ai nostri clienti, che siano grossisti, supermercati o fruttivendoli di quartiere, un prodotto splendido e sano. In collaborazione con i nostri clienti ricerchiamo regolarmente nuovi metodi di confezionamento per offrire ai consumatori degli ottimi ravanelli.<\/p>\t\t\t\t\t\t\t\t<\/div>\n\t\t\t\t<\/div>\n\t\t\t\t<\/div>\n\t\t\t\t\t<\/div>\n\t\t\t\t<\/div>\n\t\t\t\t<\/div>","protected":false},"excerpt":{"rendered":"<p>The Production Precision, passion and people. That\u2019s how we grow radishes. The cultivation We sow and harvest radishes six days a week, 52 weeks a year. It all starts with the soil, which is why we invest in healthy soil every year in which we can grow 200 to 355 seeds per square meter per [&hellip;]<\/p>\n","protected":false},"author":1,"featured_media":0,"parent":495,"menu_order":0,"comment_status":"closed","ping_status":"closed","template":"","meta":{"footnotes":""},"class_list":["post-497","page","type-page","status-publish","hentry"],"yoast_head":"<!-- This site is optimized with the Yoast SEO plugin v27.4 - https:\/\/yoast.com\/product\/yoast-seo-wordpress\/ -->\n<title>Production - Ortolanda<\/title>\n<meta name=\"description\" content=\"Check out the production at Ortolanda. Discover our process, where dedication to quality and innovation yields Europe&#039;s finest radishes.\" \/>\n<meta name=\"robots\" content=\"index, follow, max-snippet:-1, max-image-preview:large, max-video-preview:-1\" \/>\n<link rel=\"canonical\" href=\"https:\/\/ortolanda.com\/it\/ortolanda\/produzione\/\" \/>\n<meta property=\"og:locale\" content=\"it_IT\" \/>\n<meta property=\"og:type\" content=\"article\" \/>\n<meta property=\"og:title\" content=\"Production - Ortolanda\" \/>\n<meta property=\"og:description\" content=\"Check out the production at Ortolanda. Discover our process, where dedication to quality and innovation yields Europe&#039;s finest radishes.\" \/>\n<meta property=\"og:url\" content=\"https:\/\/ortolanda.com\/it\/ortolanda\/produzione\/\" \/>\n<meta property=\"og:site_name\" content=\"Ortolanda\" \/>\n<meta property=\"article:modified_time\" content=\"2026-01-09T10:19:01+00:00\" \/>\n<meta property=\"og:image\" content=\"https:\/\/ortolanda.com\/wp-content\/uploads\/2025\/06\/ortolanda-teelt-19201280-02.webp\" \/>\n\t<meta property=\"og:image:width\" content=\"1920\" \/>\n\t<meta property=\"og:image:height\" content=\"1280\" \/>\n\t<meta property=\"og:image:type\" content=\"image\/webp\" \/>\n<meta name=\"twitter:card\" content=\"summary_large_image\" \/>\n<meta name=\"twitter:label1\" content=\"Tempo di lettura stimato\" \/>\n\t<meta name=\"twitter:data1\" content=\"3 minuti\" \/>\n<script type=\"application\/ld+json\" class=\"yoast-schema-graph\">{\"@context\":\"https:\\\/\\\/schema.org\",\"@graph\":[{\"@type\":\"WebPage\",\"@id\":\"https:\\\/\\\/ortolanda.com\\\/it\\\/ortolanda\\\/produzione\\\/\",\"url\":\"https:\\\/\\\/ortolanda.com\\\/it\\\/ortolanda\\\/produzione\\\/\",\"name\":\"Production - Ortolanda\",\"isPartOf\":{\"@id\":\"https:\\\/\\\/ortolanda.com\\\/it\\\/#website\"},\"primaryImageOfPage\":{\"@id\":\"https:\\\/\\\/ortolanda.com\\\/it\\\/ortolanda\\\/produzione\\\/#primaryimage\"},\"image\":{\"@id\":\"https:\\\/\\\/ortolanda.com\\\/it\\\/ortolanda\\\/produzione\\\/#primaryimage\"},\"thumbnailUrl\":\"https:\\\/\\\/ortolanda.com\\\/wp-content\\\/uploads\\\/2025\\\/06\\\/ortolanda-teelt-19201280-02-1024x683.webp\",\"datePublished\":\"2025-06-19T07:53:47+00:00\",\"dateModified\":\"2026-01-09T10:19:01+00:00\",\"description\":\"Check out the production at Ortolanda. Discover our process, where dedication to quality and innovation yields Europe's finest radishes.\",\"breadcrumb\":{\"@id\":\"https:\\\/\\\/ortolanda.com\\\/it\\\/ortolanda\\\/produzione\\\/#breadcrumb\"},\"inLanguage\":\"it-IT\",\"potentialAction\":[{\"@type\":\"ReadAction\",\"target\":[\"https:\\\/\\\/ortolanda.com\\\/it\\\/ortolanda\\\/produzione\\\/\"]}]},{\"@type\":\"ImageObject\",\"inLanguage\":\"it-IT\",\"@id\":\"https:\\\/\\\/ortolanda.com\\\/it\\\/ortolanda\\\/produzione\\\/#primaryimage\",\"url\":\"https:\\\/\\\/ortolanda.com\\\/wp-content\\\/uploads\\\/2025\\\/06\\\/ortolanda-teelt-19201280-02-1024x683.webp\",\"contentUrl\":\"https:\\\/\\\/ortolanda.com\\\/wp-content\\\/uploads\\\/2025\\\/06\\\/ortolanda-teelt-19201280-02-1024x683.webp\"},{\"@type\":\"BreadcrumbList\",\"@id\":\"https:\\\/\\\/ortolanda.com\\\/it\\\/ortolanda\\\/produzione\\\/#breadcrumb\",\"itemListElement\":[{\"@type\":\"ListItem\",\"position\":1,\"name\":\"About Ortolanda\",\"item\":\"https:\\\/\\\/ortolanda.com\\\/ortolanda\\\/\"},{\"@type\":\"ListItem\",\"position\":2,\"name\":\"Production\"}]},{\"@type\":\"WebSite\",\"@id\":\"https:\\\/\\\/ortolanda.com\\\/it\\\/#website\",\"url\":\"https:\\\/\\\/ortolanda.com\\\/it\\\/\",\"name\":\"Ortolanda\",\"description\":\"The Radish Company\",\"publisher\":{\"@id\":\"https:\\\/\\\/ortolanda.com\\\/it\\\/#organization\"},\"potentialAction\":[{\"@type\":\"SearchAction\",\"target\":{\"@type\":\"EntryPoint\",\"urlTemplate\":\"https:\\\/\\\/ortolanda.com\\\/it\\\/?s={search_term_string}\"},\"query-input\":{\"@type\":\"PropertyValueSpecification\",\"valueRequired\":true,\"valueName\":\"search_term_string\"}}],\"inLanguage\":\"it-IT\"},{\"@type\":\"Organization\",\"@id\":\"https:\\\/\\\/ortolanda.com\\\/it\\\/#organization\",\"name\":\"Ortolanda\",\"url\":\"https:\\\/\\\/ortolanda.com\\\/it\\\/\",\"logo\":{\"@type\":\"ImageObject\",\"inLanguage\":\"it-IT\",\"@id\":\"https:\\\/\\\/ortolanda.com\\\/it\\\/#\\\/schema\\\/logo\\\/image\\\/\",\"url\":\"https:\\\/\\\/ortolanda.com\\\/wp-content\\\/uploads\\\/2025\\\/06\\\/ortolanda-logo-black-210-e1750254824364.webp\",\"contentUrl\":\"https:\\\/\\\/ortolanda.com\\\/wp-content\\\/uploads\\\/2025\\\/06\\\/ortolanda-logo-black-210-e1750254824364.webp\",\"width\":174,\"height\":210,\"caption\":\"Ortolanda\"},\"image\":{\"@id\":\"https:\\\/\\\/ortolanda.com\\\/it\\\/#\\\/schema\\\/logo\\\/image\\\/\"}}]}<\/script>\n<!-- \/ Yoast SEO plugin. -->","yoast_head_json":{"title":"Produzione - Ortolanda","description":"Ortolanda \u00e8 il pi\u00f9 grande produttore europeo di ravanelli per tutto l'anno. Scoprite il nostro processo di produzione.","robots":{"index":"index","follow":"follow","max-snippet":"max-snippet:-1","max-image-preview":"max-image-preview:large","max-video-preview":"max-video-preview:-1"},"canonical":"https:\/\/ortolanda.com\/it\/ortolanda\/produzione\/","og_locale":"it_IT","og_type":"article","og_title":"Production - Ortolanda","og_description":"Check out the production at Ortolanda. Discover our process, where dedication to quality and innovation yields Europe's finest radishes.","og_url":"https:\/\/ortolanda.com\/it\/ortolanda\/produzione\/","og_site_name":"Ortolanda","article_modified_time":"2026-01-09T10:19:01+00:00","og_image":[{"width":1920,"height":1280,"url":"https:\/\/ortolanda.com\/wp-content\/uploads\/2025\/06\/ortolanda-teelt-19201280-02.webp","type":"image\/webp"}],"twitter_card":"summary_large_image","twitter_misc":{"Tempo di lettura stimato":"3 minuti"},"schema":{"@context":"https:\/\/schema.org","@graph":[{"@type":"WebPage","@id":"https:\/\/ortolanda.com\/it\/ortolanda\/produzione\/","url":"https:\/\/ortolanda.com\/it\/ortolanda\/produzione\/","name":"Produzione - Ortolanda","isPartOf":{"@id":"https:\/\/ortolanda.com\/it\/#website"},"primaryImageOfPage":{"@id":"https:\/\/ortolanda.com\/it\/ortolanda\/produzione\/#primaryimage"},"image":{"@id":"https:\/\/ortolanda.com\/it\/ortolanda\/produzione\/#primaryimage"},"thumbnailUrl":"https:\/\/ortolanda.com\/wp-content\/uploads\/2025\/06\/ortolanda-teelt-19201280-02-1024x683.webp","datePublished":"2025-06-19T07:53:47+00:00","dateModified":"2026-01-09T10:19:01+00:00","description":"Ortolanda \u00e8 il pi\u00f9 grande produttore europeo di ravanelli per tutto l'anno. Scoprite il nostro processo di produzione.","breadcrumb":{"@id":"https:\/\/ortolanda.com\/it\/ortolanda\/produzione\/#breadcrumb"},"inLanguage":"it-IT","potentialAction":[{"@type":"ReadAction","target":["https:\/\/ortolanda.com\/it\/ortolanda\/produzione\/"]}]},{"@type":"ImageObject","inLanguage":"it-IT","@id":"https:\/\/ortolanda.com\/it\/ortolanda\/produzione\/#primaryimage","url":"https:\/\/ortolanda.com\/wp-content\/uploads\/2025\/06\/ortolanda-teelt-19201280-02-1024x683.webp","contentUrl":"https:\/\/ortolanda.com\/wp-content\/uploads\/2025\/06\/ortolanda-teelt-19201280-02-1024x683.webp"},{"@type":"BreadcrumbList","@id":"https:\/\/ortolanda.com\/it\/ortolanda\/produzione\/#breadcrumb","itemListElement":[{"@type":"ListItem","position":1,"name":"About Ortolanda","item":"https:\/\/ortolanda.com\/ortolanda\/"},{"@type":"ListItem","position":2,"name":"Production"}]},{"@type":"WebSite","@id":"https:\/\/ortolanda.com\/it\/#website","url":"https:\/\/ortolanda.com\/it\/","name":"Ortolanda","description":"L'azienda del ravanello","publisher":{"@id":"https:\/\/ortolanda.com\/it\/#organization"},"potentialAction":[{"@type":"SearchAction","target":{"@type":"EntryPoint","urlTemplate":"https:\/\/ortolanda.com\/it\/?s={search_term_string}"},"query-input":{"@type":"PropertyValueSpecification","valueRequired":true,"valueName":"search_term_string"}}],"inLanguage":"it-IT"},{"@type":"Organization","@id":"https:\/\/ortolanda.com\/it\/#organization","name":"Ortolanda","url":"https:\/\/ortolanda.com\/it\/","logo":{"@type":"ImageObject","inLanguage":"it-IT","@id":"https:\/\/ortolanda.com\/it\/#\/schema\/logo\/image\/","url":"https:\/\/ortolanda.com\/wp-content\/uploads\/2025\/06\/ortolanda-logo-black-210-e1750254824364.webp","contentUrl":"https:\/\/ortolanda.com\/wp-content\/uploads\/2025\/06\/ortolanda-logo-black-210-e1750254824364.webp","width":174,"height":210,"caption":"Ortolanda"},"image":{"@id":"https:\/\/ortolanda.com\/it\/#\/schema\/logo\/image\/"}}]}},"_links":{"self":[{"href":"https:\/\/ortolanda.com\/it\/wp-json\/wp\/v2\/pages\/497","targetHints":{"allow":["GET"]}}],"collection":[{"href":"https:\/\/ortolanda.com\/it\/wp-json\/wp\/v2\/pages"}],"about":[{"href":"https:\/\/ortolanda.com\/it\/wp-json\/wp\/v2\/types\/page"}],"author":[{"embeddable":true,"href":"https:\/\/ortolanda.com\/it\/wp-json\/wp\/v2\/users\/1"}],"replies":[{"embeddable":true,"href":"https:\/\/ortolanda.com\/it\/wp-json\/wp\/v2\/comments?post=497"}],"version-history":[{"count":6,"href":"https:\/\/ortolanda.com\/it\/wp-json\/wp\/v2\/pages\/497\/revisions"}],"predecessor-version":[{"id":2887,"href":"https:\/\/ortolanda.com\/it\/wp-json\/wp\/v2\/pages\/497\/revisions\/2887"}],"up":[{"embeddable":true,"href":"https:\/\/ortolanda.com\/it\/wp-json\/wp\/v2\/pages\/495"}],"wp:attachment":[{"href":"https:\/\/ortolanda.com\/it\/wp-json\/wp\/v2\/media?parent=497"}],"curies":[{"name":"wp","href":"https:\/\/api.w.org\/{rel}","templated":true}]}}