{"id":2120,"date":"2025-07-08T11:14:58","date_gmt":"2025-07-08T10:14:58","guid":{"rendered":"https:\/\/timok48.sg-host.com\/?page_id=2120"},"modified":"2026-01-09T11:22:36","modified_gmt":"2026-01-09T10:22:36","slug":"opportunita-di-lavoro","status":"publish","type":"page","link":"https:\/\/ortolanda.com\/it\/ortolanda\/opportunita-di-lavoro\/","title":{"rendered":"Opportunit\u00e0 di lavoro"},"content":{"rendered":"<div data-elementor-type=\"wp-page\" data-elementor-id=\"2120\" class=\"elementor elementor-2120\" data-elementor-post-type=\"page\">\n\t\t\t\t<div class=\"elementor-element elementor-element-00a85ae def-section-lr e-flex e-con-boxed e-con e-parent\" data-id=\"00a85ae\" data-element_type=\"container\" data-e-type=\"container\" data-settings=\"{&quot;background_background&quot;:&quot;classic&quot;}\">\n\t\t\t\t\t<div class=\"e-con-inner\">\n\t\t<div class=\"elementor-element elementor-element-61461cc e-con-full e-flex e-con e-child\" data-id=\"61461cc\" data-element_type=\"container\" data-e-type=\"container\">\n\t\t\t\t<div class=\"elementor-element elementor-element-0fbe8a5 elementor-widget elementor-widget-heading\" data-id=\"0fbe8a5\" data-element_type=\"widget\" data-e-type=\"widget\" data-widget_type=\"heading.default\">\n\t\t\t\t<div class=\"elementor-widget-container\">\n\t\t\t\t\t<h1 class=\"elementor-heading-title elementor-size-default\">Opportunit\u00e0 di lavoro<\/h1>\t\t\t\t<\/div>\n\t\t\t\t<\/div>\n\t\t\t\t<\/div>\n\t\t\t\t\t<\/div>\n\t\t\t\t<\/div>\n\t\t<div class=\"elementor-element elementor-element-4e653f3 def-section-lr e-flex e-con-boxed e-con e-parent\" data-id=\"4e653f3\" data-element_type=\"container\" data-e-type=\"container\" data-settings=\"{&quot;background_background&quot;:&quot;classic&quot;}\">\n\t\t\t\t\t<div class=\"e-con-inner\">\n\t\t<div class=\"elementor-element elementor-element-a82ea2f e-con-full e-flex e-con e-child\" data-id=\"a82ea2f\" data-element_type=\"container\" data-e-type=\"container\">\n\t\t\t\t<div class=\"elementor-element elementor-element-1250b7e elementor-widget elementor-widget-heading\" data-id=\"1250b7e\" data-element_type=\"widget\" data-e-type=\"widget\" data-widget_type=\"heading.default\">\n\t\t\t\t<div class=\"elementor-widget-container\">\n\t\t\t\t\t<h3 class=\"elementor-heading-title elementor-size-default\">Lavorare presso Ortolanda<\/h3>\t\t\t\t<\/div>\n\t\t\t\t<\/div>\n\t\t\t\t<div class=\"elementor-element elementor-element-55288dd elementor-widget elementor-widget-text-editor\" data-id=\"55288dd\" data-element_type=\"widget\" data-e-type=\"widget\" data-widget_type=\"text-editor.default\">\n\t\t\t\t<div class=\"elementor-widget-container\">\n\t\t\t\t\t\t\t\t\t<p>Sono la grande passione per i ravanelli e le decine di anni di esperienza di coltivazione a livello internazionale che fanno di Ortolanda l\u2019azienda che \u00e8 oggi.\u00a0<\/p><p>In Ortolanda i nostri dipendenti collaborano con passione e dedizione ogni giorno per il benessere dell\u2019azienda e dei nostri ravanelli. La qualit\u00e0, le pari opportunit\u00e0, la multiculturalit\u00e0, la sostenibilit\u00e0 ambientale sono la nostra mission.<\/p>\t\t\t\t\t\t\t\t<\/div>\n\t\t\t\t<\/div>\n\t\t\t\t<\/div>\n\t\t<div class=\"elementor-element elementor-element-c682730 e-con-full e-flex e-con e-child\" data-id=\"c682730\" data-element_type=\"container\" data-e-type=\"container\" data-settings=\"{&quot;background_background&quot;:&quot;classic&quot;}\">\n\t\t\t\t<div class=\"elementor-element elementor-element-b92f185 elementor-widget elementor-widget-image\" data-id=\"b92f185\" data-element_type=\"widget\" data-e-type=\"widget\" data-widget_type=\"image.default\">\n\t\t\t\t<div class=\"elementor-widget-container\">\n\t\t\t\t\t\t\t\t\t\t\t\t\t\t\t<img fetchpriority=\"high\" decoding=\"async\" width=\"800\" height=\"534\" src=\"https:\/\/ortolanda.com\/wp-content\/uploads\/2025\/08\/2017049-Ortolanda-Fotografie-Borgo-Grappa-HIGHRES-_DSC0483-20160628-1-1024x683.webp\" class=\"attachment-large size-large wp-image-2471\" alt=\"\" srcset=\"https:\/\/ortolanda.com\/wp-content\/uploads\/2025\/08\/2017049-Ortolanda-Fotografie-Borgo-Grappa-HIGHRES-_DSC0483-20160628-1-1024x683.webp 1024w, https:\/\/ortolanda.com\/wp-content\/uploads\/2025\/08\/2017049-Ortolanda-Fotografie-Borgo-Grappa-HIGHRES-_DSC0483-20160628-1-300x200.webp 300w, https:\/\/ortolanda.com\/wp-content\/uploads\/2025\/08\/2017049-Ortolanda-Fotografie-Borgo-Grappa-HIGHRES-_DSC0483-20160628-1-768x512.webp 768w, https:\/\/ortolanda.com\/wp-content\/uploads\/2025\/08\/2017049-Ortolanda-Fotografie-Borgo-Grappa-HIGHRES-_DSC0483-20160628-1-1536x1025.webp 1536w, https:\/\/ortolanda.com\/wp-content\/uploads\/2025\/08\/2017049-Ortolanda-Fotografie-Borgo-Grappa-HIGHRES-_DSC0483-20160628-1-scaled.webp 1920w, https:\/\/ortolanda.com\/wp-content\/uploads\/2025\/08\/2017049-Ortolanda-Fotografie-Borgo-Grappa-HIGHRES-_DSC0483-20160628-1-18x12.webp 18w\" sizes=\"(max-width: 800px) 100vw, 800px\" \/>\t\t\t\t\t\t\t\t\t\t\t\t\t\t\t<\/div>\n\t\t\t\t<\/div>\n\t\t\t\t<\/div>\n\t\t\t\t\t<\/div>\n\t\t\t\t<\/div>\n\t\t<div class=\"elementor-element elementor-element-cc5ae69 elementor-hidden-widescreen elementor-hidden-desktop elementor-hidden-tablet elementor-hidden-mobile def-section-lr e-flex e-con-boxed e-con e-parent\" data-id=\"cc5ae69\" data-element_type=\"container\" data-e-type=\"container\" data-settings=\"{&quot;background_background&quot;:&quot;classic&quot;}\">\n\t\t\t\t\t<div class=\"e-con-inner\">\n\t\t<div class=\"elementor-element elementor-element-76a4ce6 e-con-full e-flex e-con e-child\" data-id=\"76a4ce6\" data-element_type=\"container\" data-e-type=\"container\" data-settings=\"{&quot;background_background&quot;:&quot;classic&quot;}\">\n\t\t\t\t<div class=\"elementor-element elementor-element-f94f888 elementor-widget elementor-widget-image\" data-id=\"f94f888\" data-element_type=\"widget\" data-e-type=\"widget\" data-widget_type=\"image.default\">\n\t\t\t\t<div class=\"elementor-widget-container\">\n\t\t\t\t\t\t\t\t\t\t\t\t\t\t\t<img decoding=\"async\" width=\"800\" height=\"534\" src=\"https:\/\/ortolanda.com\/wp-content\/uploads\/2025\/07\/2017049-Ortolanda-Fotografie-Borgo-Grappa-HIGHRES-_DSC0368-20160628-scaled-e1751360088712.webp\" class=\"attachment-large size-large wp-image-1746\" alt=\"\" \/>\t\t\t\t\t\t\t\t\t\t\t\t\t\t\t<\/div>\n\t\t\t\t<\/div>\n\t\t\t\t<\/div>\n\t\t<div class=\"elementor-element elementor-element-36e1137 e-con-full e-flex e-con e-child\" data-id=\"36e1137\" data-element_type=\"container\" data-e-type=\"container\">\n\t\t\t\t<div class=\"elementor-element elementor-element-b846bae elementor-widget elementor-widget-heading\" data-id=\"b846bae\" data-element_type=\"widget\" data-e-type=\"widget\" data-widget_type=\"heading.default\">\n\t\t\t\t<div class=\"elementor-widget-container\">\n\t\t\t\t\t<h3 class=\"elementor-heading-title elementor-size-default\">Posto vacante di autista di camion\n<\/h3>\t\t\t\t<\/div>\n\t\t\t\t<\/div>\n\t\t\t\t<div class=\"elementor-element elementor-element-1ceb952 elementor-widget elementor-widget-text-editor\" data-id=\"1ceb952\" data-element_type=\"widget\" data-e-type=\"widget\" data-widget_type=\"text-editor.default\">\n\t\t\t\t<div class=\"elementor-widget-container\">\n\t\t\t\t\t\t\t\t\t<p>Hai esperienza nella conduzione di camion per il trasporto merci? Questa \u00e8 l'occasione giusta per te! Cerchiamo autista provvisto di brevetti trasporto, carico e scarico nostra merce per assunzione diretta.<\/p><p>Invia il tuo curriculum a personale@ortolanda.com ti contatteremo per un colloquio a Ortolanda Borgo Grappa!<\/p>\t\t\t\t\t\t\t\t<\/div>\n\t\t\t\t<\/div>\n\t\t\t\t<\/div>\n\t\t<div class=\"elementor-element elementor-element-de851a5 e-con-full e-flex e-con e-child\" data-id=\"de851a5\" data-element_type=\"container\" data-e-type=\"container\">\n\t\t\t\t<div class=\"elementor-element elementor-element-15c0204 elementor-widget elementor-widget-image\" data-id=\"15c0204\" data-element_type=\"widget\" data-e-type=\"widget\" data-widget_type=\"image.default\">\n\t\t\t\t<div class=\"elementor-widget-container\">\n\t\t\t\t\t\t\t\t\t\t\t\t\t\t\t<img decoding=\"async\" width=\"800\" height=\"800\" src=\"https:\/\/ortolanda.com\/wp-content\/uploads\/2025\/07\/1-1024x1024-1.webp\" class=\"attachment-large size-large wp-image-2126\" alt=\"\" srcset=\"https:\/\/ortolanda.com\/wp-content\/uploads\/2025\/07\/1-1024x1024-1.webp 1024w, https:\/\/ortolanda.com\/wp-content\/uploads\/2025\/07\/1-1024x1024-1-300x300.webp 300w, https:\/\/ortolanda.com\/wp-content\/uploads\/2025\/07\/1-1024x1024-1-150x150.webp 150w, https:\/\/ortolanda.com\/wp-content\/uploads\/2025\/07\/1-1024x1024-1-768x768.webp 768w\" sizes=\"(max-width: 800px) 100vw, 800px\" \/>\t\t\t\t\t\t\t\t\t\t\t\t\t\t\t<\/div>\n\t\t\t\t<\/div>\n\t\t\t\t<div class=\"elementor-element elementor-element-254119f elementor-widget elementor-widget-image\" data-id=\"254119f\" data-element_type=\"widget\" data-e-type=\"widget\" data-widget_type=\"image.default\">\n\t\t\t\t<div class=\"elementor-widget-container\">\n\t\t\t\t\t\t\t\t\t\t\t\t\t\t\t<img loading=\"lazy\" decoding=\"async\" width=\"800\" height=\"800\" src=\"https:\/\/ortolanda.com\/wp-content\/uploads\/2025\/07\/2-1024x1024-1.webp\" class=\"attachment-large size-large wp-image-2125\" alt=\"\" srcset=\"https:\/\/ortolanda.com\/wp-content\/uploads\/2025\/07\/2-1024x1024-1.webp 1024w, https:\/\/ortolanda.com\/wp-content\/uploads\/2025\/07\/2-1024x1024-1-300x300.webp 300w, https:\/\/ortolanda.com\/wp-content\/uploads\/2025\/07\/2-1024x1024-1-150x150.webp 150w, https:\/\/ortolanda.com\/wp-content\/uploads\/2025\/07\/2-1024x1024-1-768x768.webp 768w\" sizes=\"(max-width: 800px) 100vw, 800px\" \/>\t\t\t\t\t\t\t\t\t\t\t\t\t\t\t<\/div>\n\t\t\t\t<\/div>\n\t\t\t\t<\/div>\n\t\t\t\t\t<\/div>\n\t\t\t\t<\/div>\n\t\t<div class=\"elementor-element elementor-element-745c47a def-section-lr e-flex e-con-boxed e-con e-parent\" data-id=\"745c47a\" data-element_type=\"container\" data-e-type=\"container\" data-settings=\"{&quot;background_background&quot;:&quot;classic&quot;}\">\n\t\t\t\t\t<div class=\"e-con-inner\">\n\t\t<div class=\"elementor-element elementor-element-56569c1 e-con-full e-flex e-con e-child\" data-id=\"56569c1\" data-element_type=\"container\" data-e-type=\"container\" data-settings=\"{&quot;background_background&quot;:&quot;classic&quot;}\">\n\t\t\t\t<div class=\"elementor-element elementor-element-77c5e4f elementor-widget elementor-widget-image\" data-id=\"77c5e4f\" data-element_type=\"widget\" data-e-type=\"widget\" data-widget_type=\"image.default\">\n\t\t\t\t<div class=\"elementor-widget-container\">\n\t\t\t\t\t\t\t\t\t\t\t\t\t\t\t<img loading=\"lazy\" decoding=\"async\" width=\"800\" height=\"534\" src=\"https:\/\/ortolanda.com\/wp-content\/uploads\/2025\/06\/ortolanda-bg-04-1024x683.webp\" class=\"attachment-large size-large wp-image-991\" alt=\"\" srcset=\"https:\/\/ortolanda.com\/wp-content\/uploads\/2025\/06\/ortolanda-bg-04-1024x683.webp 1024w, https:\/\/ortolanda.com\/wp-content\/uploads\/2025\/06\/ortolanda-bg-04-300x200.webp 300w, https:\/\/ortolanda.com\/wp-content\/uploads\/2025\/06\/ortolanda-bg-04-768x512.webp 768w, https:\/\/ortolanda.com\/wp-content\/uploads\/2025\/06\/ortolanda-bg-04-1536x1024.webp 1536w, https:\/\/ortolanda.com\/wp-content\/uploads\/2025\/06\/ortolanda-bg-04.webp 1920w\" sizes=\"(max-width: 800px) 100vw, 800px\" \/>\t\t\t\t\t\t\t\t\t\t\t\t\t\t\t<\/div>\n\t\t\t\t<\/div>\n\t\t\t\t<\/div>\n\t\t<div class=\"elementor-element elementor-element-ca79bcd e-con-full e-flex e-con e-child\" data-id=\"ca79bcd\" data-element_type=\"container\" data-e-type=\"container\">\n\t\t\t\t<div class=\"elementor-element elementor-element-896d766 elementor-widget elementor-widget-heading\" data-id=\"896d766\" data-element_type=\"widget\" data-e-type=\"widget\" data-widget_type=\"heading.default\">\n\t\t\t\t<div class=\"elementor-widget-container\">\n\t\t\t\t\t<h3 class=\"elementor-heading-title elementor-size-default\">Candidatura spontanea<\/h3>\t\t\t\t<\/div>\n\t\t\t\t<\/div>\n\t\t\t\t<div class=\"elementor-element elementor-element-e4c2654 elementor-widget elementor-widget-text-editor\" data-id=\"e4c2654\" data-element_type=\"widget\" data-e-type=\"widget\" data-widget_type=\"text-editor.default\">\n\t\t\t\t<div class=\"elementor-widget-container\">\n\t\t\t\t\t\t\t\t\t<p class=\"translation-block\">Se nutri un interesse verso l\u2019agricoltura sana, di qualit\u00e0 e sostenibile, e vuoi entrare a far parte del nostro team inviaci la tua candidatura spontanea con CV all\u2019indirizzo: <a href=\"mailto:personale@ortolanda.com\" target=\"_self\">personale@ortolanda.com<\/a>.<\/p><p>Siamo sempre molto felici di accogliere nuove persone!<\/p>\t\t\t\t\t\t\t\t<\/div>\n\t\t\t\t<\/div>\n\t\t\t\t<\/div>\n\t\t\t\t\t<\/div>\n\t\t\t\t<\/div>\n\t\t\t\t<\/div>","protected":false},"excerpt":{"rendered":"<p>Vacancies Working at Ortolanda It is our great passion for radishes and decades of international cultivation experience that make Ortolanda the company it is today. At Ortolanda, our employees work together with passion and dedication every day for the well-being of the company and our radishes. Quality, equal opportunities, multiculturalism, and environmental sustainability are our [&hellip;]<\/p>\n","protected":false},"author":1,"featured_media":2293,"parent":495,"menu_order":0,"comment_status":"closed","ping_status":"closed","template":"","meta":{"footnotes":""},"class_list":["post-2120","page","type-page","status-publish","has-post-thumbnail","hentry"],"yoast_head":"<!-- This site is optimized with the Yoast SEO plugin v27.3 - https:\/\/yoast.com\/product\/yoast-seo-wordpress\/ -->\n<title>Vacancies - Ortolanda<\/title>\n<meta name=\"description\" content=\"Check out the job vacancies at Ortolanda here. Europe&#039;s largest radish producer, supplying radishes all year round.\" \/>\n<meta name=\"robots\" content=\"index, follow, max-snippet:-1, max-image-preview:large, max-video-preview:-1\" \/>\n<link rel=\"canonical\" href=\"https:\/\/ortolanda.com\/it\/ortolanda\/opportunita-di-lavoro\/\" \/>\n<meta property=\"og:locale\" content=\"it_IT\" \/>\n<meta property=\"og:type\" content=\"article\" \/>\n<meta property=\"og:title\" content=\"Vacancies - Ortolanda\" \/>\n<meta property=\"og:description\" content=\"Check out the job vacancies at Ortolanda here. Europe&#039;s largest radish producer, supplying radishes all year round.\" \/>\n<meta property=\"og:url\" content=\"https:\/\/ortolanda.com\/it\/ortolanda\/opportunita-di-lavoro\/\" \/>\n<meta property=\"og:site_name\" content=\"Ortolanda\" \/>\n<meta property=\"article:modified_time\" content=\"2026-01-09T10:22:36+00:00\" \/>\n<meta property=\"og:image\" content=\"https:\/\/ortolanda.com\/wp-content\/uploads\/2025\/07\/PHOTO-2025-06-12-10-14-08.webp\" \/>\n\t<meta property=\"og:image:width\" content=\"1200\" \/>\n\t<meta property=\"og:image:height\" content=\"1600\" \/>\n\t<meta property=\"og:image:type\" content=\"image\/webp\" \/>\n<meta name=\"twitter:card\" content=\"summary_large_image\" \/>\n<meta name=\"twitter:label1\" content=\"Tempo di lettura stimato\" \/>\n\t<meta name=\"twitter:data1\" content=\"2 minuti\" \/>\n<script type=\"application\/ld+json\" class=\"yoast-schema-graph\">{\"@context\":\"https:\\\/\\\/schema.org\",\"@graph\":[{\"@type\":\"WebPage\",\"@id\":\"https:\\\/\\\/ortolanda.com\\\/it\\\/ortolanda\\\/opportunita-di-lavoro\\\/\",\"url\":\"https:\\\/\\\/ortolanda.com\\\/it\\\/ortolanda\\\/opportunita-di-lavoro\\\/\",\"name\":\"Vacancies - Ortolanda\",\"isPartOf\":{\"@id\":\"https:\\\/\\\/ortolanda.com\\\/it\\\/#website\"},\"primaryImageOfPage\":{\"@id\":\"https:\\\/\\\/ortolanda.com\\\/it\\\/ortolanda\\\/opportunita-di-lavoro\\\/#primaryimage\"},\"image\":{\"@id\":\"https:\\\/\\\/ortolanda.com\\\/it\\\/ortolanda\\\/opportunita-di-lavoro\\\/#primaryimage\"},\"thumbnailUrl\":\"https:\\\/\\\/ortolanda.com\\\/wp-content\\\/uploads\\\/2025\\\/07\\\/PHOTO-2025-06-12-10-14-08.webp\",\"datePublished\":\"2025-07-08T10:14:58+00:00\",\"dateModified\":\"2026-01-09T10:22:36+00:00\",\"description\":\"Check out the job vacancies at Ortolanda here. Europe's largest radish producer, supplying radishes all year round.\",\"breadcrumb\":{\"@id\":\"https:\\\/\\\/ortolanda.com\\\/it\\\/ortolanda\\\/opportunita-di-lavoro\\\/#breadcrumb\"},\"inLanguage\":\"it-IT\",\"potentialAction\":[{\"@type\":\"ReadAction\",\"target\":[\"https:\\\/\\\/ortolanda.com\\\/it\\\/ortolanda\\\/opportunita-di-lavoro\\\/\"]}]},{\"@type\":\"ImageObject\",\"inLanguage\":\"it-IT\",\"@id\":\"https:\\\/\\\/ortolanda.com\\\/it\\\/ortolanda\\\/opportunita-di-lavoro\\\/#primaryimage\",\"url\":\"https:\\\/\\\/ortolanda.com\\\/wp-content\\\/uploads\\\/2025\\\/07\\\/PHOTO-2025-06-12-10-14-08.webp\",\"contentUrl\":\"https:\\\/\\\/ortolanda.com\\\/wp-content\\\/uploads\\\/2025\\\/07\\\/PHOTO-2025-06-12-10-14-08.webp\",\"width\":1200,\"height\":1600,\"caption\":\"Dragon boat\"},{\"@type\":\"BreadcrumbList\",\"@id\":\"https:\\\/\\\/ortolanda.com\\\/it\\\/ortolanda\\\/opportunita-di-lavoro\\\/#breadcrumb\",\"itemListElement\":[{\"@type\":\"ListItem\",\"position\":1,\"name\":\"About Ortolanda\",\"item\":\"https:\\\/\\\/ortolanda.com\\\/ortolanda\\\/\"},{\"@type\":\"ListItem\",\"position\":2,\"name\":\"Vacancies\"}]},{\"@type\":\"WebSite\",\"@id\":\"https:\\\/\\\/ortolanda.com\\\/it\\\/#website\",\"url\":\"https:\\\/\\\/ortolanda.com\\\/it\\\/\",\"name\":\"Ortolanda\",\"description\":\"The Radish Company\",\"publisher\":{\"@id\":\"https:\\\/\\\/ortolanda.com\\\/it\\\/#organization\"},\"potentialAction\":[{\"@type\":\"SearchAction\",\"target\":{\"@type\":\"EntryPoint\",\"urlTemplate\":\"https:\\\/\\\/ortolanda.com\\\/it\\\/?s={search_term_string}\"},\"query-input\":{\"@type\":\"PropertyValueSpecification\",\"valueRequired\":true,\"valueName\":\"search_term_string\"}}],\"inLanguage\":\"it-IT\"},{\"@type\":\"Organization\",\"@id\":\"https:\\\/\\\/ortolanda.com\\\/it\\\/#organization\",\"name\":\"Ortolanda\",\"url\":\"https:\\\/\\\/ortolanda.com\\\/it\\\/\",\"logo\":{\"@type\":\"ImageObject\",\"inLanguage\":\"it-IT\",\"@id\":\"https:\\\/\\\/ortolanda.com\\\/it\\\/#\\\/schema\\\/logo\\\/image\\\/\",\"url\":\"https:\\\/\\\/ortolanda.com\\\/wp-content\\\/uploads\\\/2025\\\/06\\\/ortolanda-logo-black-210-e1750254824364.webp\",\"contentUrl\":\"https:\\\/\\\/ortolanda.com\\\/wp-content\\\/uploads\\\/2025\\\/06\\\/ortolanda-logo-black-210-e1750254824364.webp\",\"width\":174,\"height\":210,\"caption\":\"Ortolanda\"},\"image\":{\"@id\":\"https:\\\/\\\/ortolanda.com\\\/it\\\/#\\\/schema\\\/logo\\\/image\\\/\"}}]}<\/script>\n<!-- \/ Yoast SEO plugin. -->","yoast_head_json":{"title":"Opportunit\u00e0 di lavoro - Ortolanda","description":"Consulta qui le offerte di lavoro presso Ortolanda. Il pi\u00f9 grande produttore europeo di ravanelli, che fornisce ravanelli tutto l'anno.","robots":{"index":"index","follow":"follow","max-snippet":"max-snippet:-1","max-image-preview":"max-image-preview:large","max-video-preview":"max-video-preview:-1"},"canonical":"https:\/\/ortolanda.com\/it\/ortolanda\/opportunita-di-lavoro\/","og_locale":"it_IT","og_type":"article","og_title":"Vacancies - Ortolanda","og_description":"Check out the job vacancies at Ortolanda here. Europe's largest radish producer, supplying radishes all year round.","og_url":"https:\/\/ortolanda.com\/it\/ortolanda\/opportunita-di-lavoro\/","og_site_name":"Ortolanda","article_modified_time":"2026-01-09T10:22:36+00:00","og_image":[{"width":1200,"height":1600,"url":"https:\/\/ortolanda.com\/wp-content\/uploads\/2025\/07\/PHOTO-2025-06-12-10-14-08.webp","type":"image\/webp"}],"twitter_card":"summary_large_image","twitter_misc":{"Tempo di lettura stimato":"2 minuti"},"schema":{"@context":"https:\/\/schema.org","@graph":[{"@type":"WebPage","@id":"https:\/\/ortolanda.com\/it\/ortolanda\/opportunita-di-lavoro\/","url":"https:\/\/ortolanda.com\/it\/ortolanda\/opportunita-di-lavoro\/","name":"Opportunit\u00e0 di lavoro - Ortolanda","isPartOf":{"@id":"https:\/\/ortolanda.com\/it\/#website"},"primaryImageOfPage":{"@id":"https:\/\/ortolanda.com\/it\/ortolanda\/opportunita-di-lavoro\/#primaryimage"},"image":{"@id":"https:\/\/ortolanda.com\/it\/ortolanda\/opportunita-di-lavoro\/#primaryimage"},"thumbnailUrl":"https:\/\/ortolanda.com\/wp-content\/uploads\/2025\/07\/PHOTO-2025-06-12-10-14-08.webp","datePublished":"2025-07-08T10:14:58+00:00","dateModified":"2026-01-09T10:22:36+00:00","description":"Consulta qui le offerte di lavoro presso Ortolanda. Il pi\u00f9 grande produttore europeo di ravanelli, che fornisce ravanelli tutto l'anno.","breadcrumb":{"@id":"https:\/\/ortolanda.com\/it\/ortolanda\/opportunita-di-lavoro\/#breadcrumb"},"inLanguage":"it-IT","potentialAction":[{"@type":"ReadAction","target":["https:\/\/ortolanda.com\/it\/ortolanda\/opportunita-di-lavoro\/"]}]},{"@type":"ImageObject","inLanguage":"it-IT","@id":"https:\/\/ortolanda.com\/it\/ortolanda\/opportunita-di-lavoro\/#primaryimage","url":"https:\/\/ortolanda.com\/wp-content\/uploads\/2025\/07\/PHOTO-2025-06-12-10-14-08.webp","contentUrl":"https:\/\/ortolanda.com\/wp-content\/uploads\/2025\/07\/PHOTO-2025-06-12-10-14-08.webp","width":1200,"height":1600,"caption":"Dragon boat"},{"@type":"BreadcrumbList","@id":"https:\/\/ortolanda.com\/it\/ortolanda\/opportunita-di-lavoro\/#breadcrumb","itemListElement":[{"@type":"ListItem","position":1,"name":"About Ortolanda","item":"https:\/\/ortolanda.com\/ortolanda\/"},{"@type":"ListItem","position":2,"name":"Vacancies"}]},{"@type":"WebSite","@id":"https:\/\/ortolanda.com\/it\/#website","url":"https:\/\/ortolanda.com\/it\/","name":"Ortolanda","description":"L'azienda del ravanello","publisher":{"@id":"https:\/\/ortolanda.com\/it\/#organization"},"potentialAction":[{"@type":"SearchAction","target":{"@type":"EntryPoint","urlTemplate":"https:\/\/ortolanda.com\/it\/?s={search_term_string}"},"query-input":{"@type":"PropertyValueSpecification","valueRequired":true,"valueName":"search_term_string"}}],"inLanguage":"it-IT"},{"@type":"Organization","@id":"https:\/\/ortolanda.com\/it\/#organization","name":"Ortolanda","url":"https:\/\/ortolanda.com\/it\/","logo":{"@type":"ImageObject","inLanguage":"it-IT","@id":"https:\/\/ortolanda.com\/it\/#\/schema\/logo\/image\/","url":"https:\/\/ortolanda.com\/wp-content\/uploads\/2025\/06\/ortolanda-logo-black-210-e1750254824364.webp","contentUrl":"https:\/\/ortolanda.com\/wp-content\/uploads\/2025\/06\/ortolanda-logo-black-210-e1750254824364.webp","width":174,"height":210,"caption":"Ortolanda"},"image":{"@id":"https:\/\/ortolanda.com\/it\/#\/schema\/logo\/image\/"}}]}},"_links":{"self":[{"href":"https:\/\/ortolanda.com\/it\/wp-json\/wp\/v2\/pages\/2120","targetHints":{"allow":["GET"]}}],"collection":[{"href":"https:\/\/ortolanda.com\/it\/wp-json\/wp\/v2\/pages"}],"about":[{"href":"https:\/\/ortolanda.com\/it\/wp-json\/wp\/v2\/types\/page"}],"author":[{"embeddable":true,"href":"https:\/\/ortolanda.com\/it\/wp-json\/wp\/v2\/users\/1"}],"replies":[{"embeddable":true,"href":"https:\/\/ortolanda.com\/it\/wp-json\/wp\/v2\/comments?post=2120"}],"version-history":[{"count":6,"href":"https:\/\/ortolanda.com\/it\/wp-json\/wp\/v2\/pages\/2120\/revisions"}],"predecessor-version":[{"id":2896,"href":"https:\/\/ortolanda.com\/it\/wp-json\/wp\/v2\/pages\/2120\/revisions\/2896"}],"up":[{"embeddable":true,"href":"https:\/\/ortolanda.com\/it\/wp-json\/wp\/v2\/pages\/495"}],"wp:featuredmedia":[{"embeddable":true,"href":"https:\/\/ortolanda.com\/it\/wp-json\/wp\/v2\/media\/2293"}],"wp:attachment":[{"href":"https:\/\/ortolanda.com\/it\/wp-json\/wp\/v2\/media?parent=2120"}],"curies":[{"name":"wp","href":"https:\/\/api.w.org\/{rel}","templated":true}]}}